{"id":3537,"date":"2024-06-11T15:00:36","date_gmt":"2024-06-11T13:00:36","guid":{"rendered":"https:\/\/jetfun.es\/?page_id=3537"},"modified":"2026-02-18T13:45:19","modified_gmt":"2026-02-18T12:45:19","slug":"blog","status":"publish","type":"page","link":"https:\/\/jetfun.es\/de\/blog\/","title":{"rendered":"Blog"},"content":{"rendered":"<div data-elementor-type=\"wp-page\" data-elementor-id=\"3537\" class=\"elementor elementor-3537\" data-elementor-post-type=\"page\">\n\t\t\t\t\t\t<section class=\"elementor-section elementor-top-section elementor-element elementor-element-fd0696b elementor-section-full_width elementor-section-height-default elementor-section-height-default\" data-id=\"fd0696b\" data-element_type=\"section\" data-e-type=\"section\" data-settings=\"{&quot;background_background&quot;:&quot;classic&quot;}\">\n\t\t\t\t\t\t\t<div class=\"elementor-background-overlay\"><\/div>\n\t\t\t\t\t\t\t<div class=\"elementor-container elementor-column-gap-default\">\n\t\t\t\t\t<div class=\"elementor-column elementor-col-100 elementor-top-column elementor-element elementor-element-d431226\" data-id=\"d431226\" data-element_type=\"column\" data-e-type=\"column\">\n\t\t\t<div class=\"elementor-widget-wrap elementor-element-populated\">\n\t\t\t\t\t\t<div class=\"elementor-element elementor-element-5576e2f elementor-widget elementor-widget-heading\" data-id=\"5576e2f\" data-element_type=\"widget\" data-e-type=\"widget\" data-widget_type=\"heading.default\">\n\t\t\t\t<div class=\"elementor-widget-container\">\n\t\t\t\t\t<h1 class=\"elementor-heading-title elementor-size-default\">Blog<\/h1>\t\t\t\t<\/div>\n\t\t\t\t<\/div>\n\t\t\t\t\t<\/div>\n\t\t<\/div>\n\t\t\t\t\t<\/div>\n\t\t<\/section>\n\t\t\t\t<section class=\"elementor-section elementor-top-section elementor-element elementor-element-2e3c74f elementor-section-boxed elementor-section-height-default elementor-section-height-default\" data-id=\"2e3c74f\" data-element_type=\"section\" data-e-type=\"section\">\n\t\t\t\t\t\t<div class=\"elementor-container elementor-column-gap-default\">\n\t\t\t\t\t<div class=\"elementor-column elementor-col-100 elementor-top-column elementor-element elementor-element-37a4da5\" data-id=\"37a4da5\" data-element_type=\"column\" data-e-type=\"column\">\n\t\t\t<div class=\"elementor-widget-wrap elementor-element-populated\">\n\t\t\t\t\t\t<div class=\"elementor-element elementor-element-cea5adb elementor-widget elementor-widget-elementskit-blog-posts\" data-id=\"cea5adb\" data-element_type=\"widget\" data-e-type=\"widget\" data-widget_type=\"elementskit-blog-posts.default\">\n\t\t\t\t<div class=\"elementor-widget-container\">\n\t\t\t\t\t<div class=\"ekit-wid-con\" >        <div id=\"post-items--cea5adb\" class=\"row post-items\">\n                    <div class=\"col-md-12\">\n\n                                    <div class=\"elementskit-blog-block-post\">\n                        <div class=\"row no-gutters\">\n                                                            <div class=\"col-md-6 order-1\">\n                                    <a href=\"https:\/\/jetfun.es\/de\/guia-completa-de-la-bahia-de-palma-que-ver-y-hacer\/\" class=\"elementskit-entry-thumb\">\n                                        <img decoding=\"async\" src=\"https:\/\/jetfun.es\/wp-content\/uploads\/2024\/06\/MG_5104-scaled-1-1-1024x683.jpg\" alt=\"Gu\u00eda Completa de la Bah\u00eda de Palma: Qu\u00e9 Ver y Hacer\">\n                                    <\/a><!-- .elementskit-entry-thumb END -->\n                                <\/div>\n                            \n                            <div class=\"col-md-6 order-2\">\n                                <div class=\"elementskit-post-body\">\n                                    <div class=\"elementskit-entry-header\">\n                                        \n                                                                                            \t\t\t\t\t                                            \n                                            \n                                                                                            \t\t\t\t<h2 class=\"entry-title\">\n\t\t\t\t\t<a href=\"https:\/\/jetfun.es\/de\/guia-completa-de-la-bahia-de-palma-que-ver-y-hacer\/\">\n\t\t\t\t\t\tVollst\u00e4ndiger Leitfaden f\u00fcr die Bucht von Palma: Was man tun sollte\t\t\t\t\t<\/a>\n\t\t\t\t<\/h2>\n\t\t\t                                                                                <\/div><!-- .elementskit-entry-header END -->\n\n                                                                            <div class=\"elementskit-post-footer\">\n                                                                                            <p>La Bah\u00eda de Palma, an der S\u00fcdk\u00fcste Mallorcas gelegen, ist ein touristisches Ziel ersten Ranges, das Geschichte, Kultur und Natursch\u00f6nheit miteinander verbindet. Von der majest\u00e4tischen Kathedrale von Palma bis zu den idyllischen Buchten von Portals Nous gibt es in dieser faszinierenden Region viel zu sehen und zu erleben. In diesem Reisef\u00fchrer begleiten wir Sie auf einem kompletten Rundgang durch die interessantesten Punkte der Bucht von Palma, so dass Sie bei Ihrem Besuch nichts verpassen werden.<\/p>\n                                                                                                                                <\/div><!-- .elementskit-post-footer END -->\n                                                                    <\/div><!-- .elementskit-post-body END -->\n                            <\/div>\n                        <\/div>\n                    <\/div><!-- .elementskit-blog-block-post .radius .gradient-bg END -->\n                \n            <\/div>\n                    <div class=\"col-md-12\">\n\n                                    <div class=\"elementskit-blog-block-post\">\n                        <div class=\"row no-gutters\">\n                                                            <div class=\"col-md-6 order-1\">\n                                    <a href=\"https:\/\/jetfun.es\/de\/complete-guide-to-the-bay-of-palma-what-to-see-and-do\/\" class=\"elementskit-entry-thumb\">\n                                        <img decoding=\"async\" src=\"https:\/\/jetfun.es\/wp-content\/uploads\/2024\/06\/MG_5104-scaled-1-1024x683.jpg\" alt=\"Complete Guide to the Bay of Palma: What to See and Do\">\n                                    <\/a><!-- .elementskit-entry-thumb END -->\n                                <\/div>\n                            \n                            <div class=\"col-md-6 order-2\">\n                                <div class=\"elementskit-post-body\">\n                                    <div class=\"elementskit-entry-header\">\n                                        \n                                                                                            \t\t\t\t\t                                            \n                                            \n                                                                                            \t\t\t\t<h2 class=\"entry-title\">\n\t\t\t\t\t<a href=\"https:\/\/jetfun.es\/de\/complete-guide-to-the-bay-of-palma-what-to-see-and-do\/\">\n\t\t\t\t\t\tVollst\u00e4ndiger Reisef\u00fchrer f\u00fcr die Bucht von Palma: Was man sehen und unternehmen kann\t\t\t\t\t<\/a>\n\t\t\t\t<\/h2>\n\t\t\t                                                                                <\/div><!-- .elementskit-entry-header END -->\n\n                                                                            <div class=\"elementskit-post-footer\">\n                                                                                            <p>Die Bucht von Palma an der S\u00fcdwestk\u00fcste Mallorcas ist ein beliebtes Reiseziel, das Geschichte, Kultur und Natursch\u00f6nheiten miteinander verbindet. Von der majest\u00e4tischen Kathedrale von Palma bis zu den idyllischen Buchten von Portals Nous gibt es in dieser faszinierenden Region viel zu sehen und zu erleben. In diesem Reisef\u00fchrer nehmen wir Sie mit auf eine umfassende Tour zu den interessantesten Orten in der Bucht von Palma, so dass Sie bei Ihrem Besuch nichts verpassen werden.<\/p>\n                                                                                                                                <\/div><!-- .elementskit-post-footer END -->\n                                                                    <\/div><!-- .elementskit-post-body END -->\n                            <\/div>\n                        <\/div>\n                    <\/div><!-- .elementskit-blog-block-post .radius .gradient-bg END -->\n                \n            <\/div>\n                    <div class=\"col-md-12\">\n\n                                    <div class=\"elementskit-blog-block-post\">\n                        <div class=\"row no-gutters\">\n                                                            <div class=\"col-md-6 order-1\">\n                                    <a href=\"https:\/\/jetfun.es\/de\/top-5-mejores-excursiones-en-barco-en-mallorca\/\" class=\"elementskit-entry-thumb\">\n                                        <img decoding=\"async\" src=\"https:\/\/jetfun.es\/wp-content\/uploads\/2024\/06\/MG_5118-scaled-2-1-1-1024x683.jpg\" alt=\"Top 5 Mejores Excursiones en Barco en Mallorca\">\n                                    <\/a><!-- .elementskit-entry-thumb END -->\n                                <\/div>\n                            \n                            <div class=\"col-md-6 order-2\">\n                                <div class=\"elementskit-post-body\">\n                                    <div class=\"elementskit-entry-header\">\n                                        \n                                                                                            \t\t\t\t\t                                            \n                                            \n                                                                                            \t\t\t\t<h2 class=\"entry-title\">\n\t\t\t\t\t<a href=\"https:\/\/jetfun.es\/de\/top-5-mejores-excursiones-en-barco-en-mallorca\/\">\n\t\t\t\t\t\tTop 5 der besten Ausfl\u00fcge in Barco auf Mallorca\t\t\t\t\t<\/a>\n\t\t\t\t<\/h2>\n\t\t\t                                                                                <\/div><!-- .elementskit-entry-header END -->\n\n                                                                            <div class=\"elementskit-post-footer\">\n                                                                                            <p>Mallorca vom Meer aus zu erkunden ist ein einzigartiges Erlebnis. In diesem Artikel stellen wir Ihnen die besten Ausfl\u00fcge auf der Insel vor, damit Sie die Sch\u00f6nheit der Natur, den Nervenkitzel des Hochgeschwindigkeitsfahrens und die Ruhe der einsamen Buchten genie\u00dfen k\u00f6nnen. \u00a1Prep\u00e1rate para una aventura inolvidable!<\/p>\n                                                                                                                                <\/div><!-- .elementskit-post-footer END -->\n                                                                    <\/div><!-- .elementskit-post-body END -->\n                            <\/div>\n                        <\/div>\n                    <\/div><!-- .elementskit-blog-block-post .radius .gradient-bg END -->\n                \n            <\/div>\n                <\/div>\n       <\/div>\t\t\t\t<\/div>\n\t\t\t\t<\/div>\n\t\t\t\t\t<\/div>\n\t\t<\/div>\n\t\t\t\t\t<\/div>\n\t\t<\/section>\n\t\t\t\t<\/div>","protected":false},"excerpt":{"rendered":"<p>Blog Gu\u00eda Completa de la Bah\u00eda de Palma: Qu\u00e9 Ver y Hacer La Bah\u00eda de Palma, situada en la costa suroeste de Mallorca, es un destino tur\u00edstico de primer nivel que combina historia, cultura y belleza natural. Desde la majestuosa Catedral de Palma hasta las id\u00edlicas calas de Portals Nous, hay mucho que ver y [&hellip;]<\/p>\n","protected":false},"author":2,"featured_media":0,"parent":0,"menu_order":0,"comment_status":"closed","ping_status":"closed","template":"","meta":{"site-sidebar-layout":"no-sidebar","site-content-layout":"","ast-site-content-layout":"full-width-container","site-content-style":"default","site-sidebar-style":"default","ast-global-header-display":"","ast-banner-title-visibility":"","ast-main-header-display":"","ast-hfb-above-header-display":"","ast-hfb-below-header-display":"","ast-hfb-mobile-header-display":"","site-post-title":"disabled","ast-breadcrumbs-content":"","ast-featured-img":"disabled","footer-sml-layout":"","ast-disable-related-posts":"","theme-transparent-header-meta":"","adv-header-id-meta":"","stick-header-meta":"","header-above-stick-meta":"","header-main-stick-meta":"","header-below-stick-meta":"","astra-migrate-meta-layouts":"default","ast-page-background-enabled":"default","ast-page-background-meta":{"desktop":{"background-color":"var(--ast-global-color-4)","background-image":"","background-repeat":"repeat","background-position":"center center","background-size":"auto","background-attachment":"scroll","background-type":"","background-media":"","overlay-type":"","overlay-color":"","overlay-opacity":"","overlay-gradient":""},"tablet":{"background-color":"","background-image":"","background-repeat":"repeat","background-position":"center center","background-size":"auto","background-attachment":"scroll","background-type":"","background-media":"","overlay-type":"","overlay-color":"","overlay-opacity":"","overlay-gradient":""},"mobile":{"background-color":"","background-image":"","background-repeat":"repeat","background-position":"center center","background-size":"auto","background-attachment":"scroll","background-type":"","background-media":"","overlay-type":"","overlay-color":"","overlay-opacity":"","overlay-gradient":""}},"ast-content-background-meta":{"desktop":{"background-color":"var(--ast-global-color-5)","background-image":"","background-repeat":"repeat","background-position":"center center","background-size":"auto","background-attachment":"scroll","background-type":"","background-media":"","overlay-type":"","overlay-color":"","overlay-opacity":"","overlay-gradient":""},"tablet":{"background-color":"var(--ast-global-color-5)","background-image":"","background-repeat":"repeat","background-position":"center center","background-size":"auto","background-attachment":"scroll","background-type":"","background-media":"","overlay-type":"","overlay-color":"","overlay-opacity":"","overlay-gradient":""},"mobile":{"background-color":"var(--ast-global-color-5)","background-image":"","background-repeat":"repeat","background-position":"center center","background-size":"auto","background-attachment":"scroll","background-type":"","background-media":"","overlay-type":"","overlay-color":"","overlay-opacity":"","overlay-gradient":""}},"footnotes":""},"class_list":["post-3537","page","type-page","status-publish","hentry"],"yoast_head":"<!-- This site is optimized with the Yoast SEO plugin v27.0 - https:\/\/yoast.com\/product\/yoast-seo-wordpress\/ -->\n<title>Blog | Que hacer en Mallorca | JetFun<\/title>\n<meta name=\"description\" content=\"JetFun te ofrece un blog con art\u00edculos sobre consejos sobre excursiones en barco Mallorca y gu\u00edas sobre qu\u00e9 ver y hacer en la Bah\u00eda de Palma.\" \/>\n<meta name=\"robots\" content=\"noindex, follow\" \/>\n<meta property=\"og:locale\" content=\"de_DE\" \/>\n<meta property=\"og:type\" content=\"article\" \/>\n<meta property=\"og:title\" content=\"Blog | Que hacer en Mallorca | JetFun\" \/>\n<meta property=\"og:description\" content=\"JetFun te ofrece un blog con art\u00edculos sobre consejos sobre excursiones en barco Mallorca y gu\u00edas sobre qu\u00e9 ver y hacer en la Bah\u00eda de Palma.\" \/>\n<meta property=\"og:url\" content=\"https:\/\/jetfun.es\/de\/blog\/\" \/>\n<meta property=\"og:site_name\" content=\"JetFun Speedboat Alcudia\" \/>\n<meta property=\"article:modified_time\" content=\"2026-02-18T12:45:19+00:00\" \/>\n<meta property=\"og:image\" content=\"http:\/\/jetfun.es\/wp-content\/uploads\/2024\/06\/MG_5104-scaled-1-1-1024x683.jpg\" \/>\n<meta name=\"twitter:card\" content=\"summary_large_image\" \/>\n<meta name=\"twitter:label1\" content=\"Gesch\u00e4tzte Lesezeit\" \/>\n\t<meta name=\"twitter:data1\" content=\"2\u00a0Minuten\" \/>\n<script type=\"application\/ld+json\" class=\"yoast-schema-graph\">{\"@context\":\"https:\/\/schema.org\",\"@graph\":[{\"@type\":\"WebPage\",\"@id\":\"https:\/\/jetfun.es\/blog\/\",\"url\":\"https:\/\/jetfun.es\/blog\/\",\"name\":\"Blog | Que hacer en Mallorca | JetFun\",\"isPartOf\":{\"@id\":\"https:\/\/jetfun.es\/#website\"},\"primaryImageOfPage\":{\"@id\":\"https:\/\/jetfun.es\/blog\/#primaryimage\"},\"image\":{\"@id\":\"https:\/\/jetfun.es\/blog\/#primaryimage\"},\"thumbnailUrl\":\"http:\/\/jetfun.es\/wp-content\/uploads\/2024\/06\/MG_5104-scaled-1-1-1024x683.jpg\",\"datePublished\":\"2024-06-11T13:00:36+00:00\",\"dateModified\":\"2026-02-18T12:45:19+00:00\",\"description\":\"JetFun te ofrece un blog con art\u00edculos sobre consejos sobre excursiones en barco Mallorca y gu\u00edas sobre qu\u00e9 ver y hacer en la Bah\u00eda de Palma.\",\"breadcrumb\":{\"@id\":\"https:\/\/jetfun.es\/blog\/#breadcrumb\"},\"inLanguage\":\"de\",\"potentialAction\":[{\"@type\":\"ReadAction\",\"target\":[\"https:\/\/jetfun.es\/blog\/\"]}]},{\"@type\":\"ImageObject\",\"inLanguage\":\"de\",\"@id\":\"https:\/\/jetfun.es\/blog\/#primaryimage\",\"url\":\"http:\/\/jetfun.es\/wp-content\/uploads\/2024\/06\/MG_5104-scaled-1-1-1024x683.jpg\",\"contentUrl\":\"http:\/\/jetfun.es\/wp-content\/uploads\/2024\/06\/MG_5104-scaled-1-1-1024x683.jpg\"},{\"@type\":\"BreadcrumbList\",\"@id\":\"https:\/\/jetfun.es\/blog\/#breadcrumb\",\"itemListElement\":[{\"@type\":\"ListItem\",\"position\":1,\"name\":\"Portada\",\"item\":\"https:\/\/jetfun.es\/\"},{\"@type\":\"ListItem\",\"position\":2,\"name\":\"Blog\"}]},{\"@type\":\"WebSite\",\"@id\":\"https:\/\/jetfun.es\/#website\",\"url\":\"https:\/\/jetfun.es\/\",\"name\":\"Jetfun.es\",\"description\":\"Speedboat Adventure in Alcudia\",\"publisher\":{\"@id\":\"https:\/\/jetfun.es\/#organization\"},\"potentialAction\":[{\"@type\":\"SearchAction\",\"target\":{\"@type\":\"EntryPoint\",\"urlTemplate\":\"https:\/\/jetfun.es\/?s={search_term_string}\"},\"query-input\":{\"@type\":\"PropertyValueSpecification\",\"valueRequired\":true,\"valueName\":\"search_term_string\"}}],\"inLanguage\":\"de\"},{\"@type\":\"Organization\",\"@id\":\"https:\/\/jetfun.es\/#organization\",\"name\":\"Jetfun\",\"url\":\"https:\/\/jetfun.es\/\",\"logo\":{\"@type\":\"ImageObject\",\"inLanguage\":\"de\",\"@id\":\"https:\/\/jetfun.es\/#\/schema\/logo\/image\/\",\"url\":\"https:\/\/jetfun.es\/wp-content\/uploads\/2024\/01\/Logo-PNG-sin-fondo.png\",\"contentUrl\":\"https:\/\/jetfun.es\/wp-content\/uploads\/2024\/01\/Logo-PNG-sin-fondo.png\",\"width\":3801,\"height\":1683,\"caption\":\"Jetfun\"},\"image\":{\"@id\":\"https:\/\/jetfun.es\/#\/schema\/logo\/image\/\"},\"sameAs\":[\"https:\/\/www.instagram.com\/jetfun.es\/\"]}]}<\/script>\n<!-- \/ Yoast SEO plugin. -->","yoast_head_json":{"title":"Blog | Que hacer en Mallorca | JetFun","description":"JetFun te ofrece un blog con art\u00edculos sobre consejos sobre excursiones en barco Mallorca y gu\u00edas sobre qu\u00e9 ver y hacer en la Bah\u00eda de Palma.","robots":{"index":"noindex","follow":"follow"},"og_locale":"de_DE","og_type":"article","og_title":"Blog | Que hacer en Mallorca | JetFun","og_description":"JetFun te ofrece un blog con art\u00edculos sobre consejos sobre excursiones en barco Mallorca y gu\u00edas sobre qu\u00e9 ver y hacer en la Bah\u00eda de Palma.","og_url":"https:\/\/jetfun.es\/de\/blog\/","og_site_name":"JetFun Speedboat Alcudia","article_modified_time":"2026-02-18T12:45:19+00:00","og_image":[{"url":"http:\/\/jetfun.es\/wp-content\/uploads\/2024\/06\/MG_5104-scaled-1-1-1024x683.jpg","type":"","width":"","height":""}],"twitter_card":"summary_large_image","twitter_misc":{"Gesch\u00e4tzte Lesezeit":"2\u00a0Minuten"},"schema":{"@context":"https:\/\/schema.org","@graph":[{"@type":"WebPage","@id":"https:\/\/jetfun.es\/blog\/","url":"https:\/\/jetfun.es\/blog\/","name":"Blog | Que hacer en Mallorca | JetFun","isPartOf":{"@id":"https:\/\/jetfun.es\/#website"},"primaryImageOfPage":{"@id":"https:\/\/jetfun.es\/blog\/#primaryimage"},"image":{"@id":"https:\/\/jetfun.es\/blog\/#primaryimage"},"thumbnailUrl":"http:\/\/jetfun.es\/wp-content\/uploads\/2024\/06\/MG_5104-scaled-1-1-1024x683.jpg","datePublished":"2024-06-11T13:00:36+00:00","dateModified":"2026-02-18T12:45:19+00:00","description":"JetFun te ofrece un blog con art\u00edculos sobre consejos sobre excursiones en barco Mallorca y gu\u00edas sobre qu\u00e9 ver y hacer en la Bah\u00eda de Palma.","breadcrumb":{"@id":"https:\/\/jetfun.es\/blog\/#breadcrumb"},"inLanguage":"de","potentialAction":[{"@type":"ReadAction","target":["https:\/\/jetfun.es\/blog\/"]}]},{"@type":"ImageObject","inLanguage":"de","@id":"https:\/\/jetfun.es\/blog\/#primaryimage","url":"http:\/\/jetfun.es\/wp-content\/uploads\/2024\/06\/MG_5104-scaled-1-1-1024x683.jpg","contentUrl":"http:\/\/jetfun.es\/wp-content\/uploads\/2024\/06\/MG_5104-scaled-1-1-1024x683.jpg"},{"@type":"BreadcrumbList","@id":"https:\/\/jetfun.es\/blog\/#breadcrumb","itemListElement":[{"@type":"ListItem","position":1,"name":"Portada","item":"https:\/\/jetfun.es\/"},{"@type":"ListItem","position":2,"name":"Blog"}]},{"@type":"WebSite","@id":"https:\/\/jetfun.es\/#website","url":"https:\/\/jetfun.es\/","name":"Jetfun.es","description":"Abenteuer mit dem Schnellboot in Alcudia","publisher":{"@id":"https:\/\/jetfun.es\/#organization"},"potentialAction":[{"@type":"SearchAction","target":{"@type":"EntryPoint","urlTemplate":"https:\/\/jetfun.es\/?s={search_term_string}"},"query-input":{"@type":"PropertyValueSpecification","valueRequired":true,"valueName":"search_term_string"}}],"inLanguage":"de"},{"@type":"Organization","@id":"https:\/\/jetfun.es\/#organization","name":"Jetfun","url":"https:\/\/jetfun.es\/","logo":{"@type":"ImageObject","inLanguage":"de","@id":"https:\/\/jetfun.es\/#\/schema\/logo\/image\/","url":"https:\/\/jetfun.es\/wp-content\/uploads\/2024\/01\/Logo-PNG-sin-fondo.png","contentUrl":"https:\/\/jetfun.es\/wp-content\/uploads\/2024\/01\/Logo-PNG-sin-fondo.png","width":3801,"height":1683,"caption":"Jetfun"},"image":{"@id":"https:\/\/jetfun.es\/#\/schema\/logo\/image\/"},"sameAs":["https:\/\/www.instagram.com\/jetfun.es\/"]}]}},"_links":{"self":[{"href":"https:\/\/jetfun.es\/de\/wp-json\/wp\/v2\/pages\/3537","targetHints":{"allow":["GET"]}}],"collection":[{"href":"https:\/\/jetfun.es\/de\/wp-json\/wp\/v2\/pages"}],"about":[{"href":"https:\/\/jetfun.es\/de\/wp-json\/wp\/v2\/types\/page"}],"author":[{"embeddable":true,"href":"https:\/\/jetfun.es\/de\/wp-json\/wp\/v2\/users\/2"}],"replies":[{"embeddable":true,"href":"https:\/\/jetfun.es\/de\/wp-json\/wp\/v2\/comments?post=3537"}],"version-history":[{"count":0,"href":"https:\/\/jetfun.es\/de\/wp-json\/wp\/v2\/pages\/3537\/revisions"}],"wp:attachment":[{"href":"https:\/\/jetfun.es\/de\/wp-json\/wp\/v2\/media?parent=3537"}],"curies":[{"name":"wp","href":"https:\/\/api.w.org\/{rel}","templated":true}]}}